{"id":316,"date":"2026-02-16T19:35:04","date_gmt":"2026-02-16T19:35:04","guid":{"rendered":"https:\/\/focusfitcenter.com\/?page_id=316"},"modified":"2026-02-16T19:35:05","modified_gmt":"2026-02-16T19:35:05","slug":"politica-de-cookies","status":"publish","type":"page","link":"https:\/\/focusfitcenter.com\/en\/politica-de-cookies\/","title":{"rendered":"Cookie Policy"},"content":{"rendered":"<h2 class=\"wp-block-heading\">1. What are cookies?<\/h2>\n\n\n\n<p>A cookie is a small file that is downloaded to the user's device when accessing certain web pages. Cookies allow, among other things, store and retrieve information about browsing habits of a user or your computer and, depending on the information they contain and the way you use your computer, can be used to recognize the user.<\/p>\n\n\n\n<hr class=\"wp-block-separator has-alpha-channel-opacity\"\/>\n\n\n\n<h2 class=\"wp-block-heading\">2. Types of cookies used<\/h2>\n\n\n\n<p>The website uses the following categories of cookies:<\/p>\n\n\n\n<h3 class=\"wp-block-heading\">Technical cookies (required)<\/h3>\n\n\n\n<p>They enable navigation through the website and the use of its basic functions, such as accessing secure areas or remembering consent settings.<\/p>\n\n\n\n<p>They do not require the user's consent.<\/p>\n\n\n\n<hr class=\"wp-block-separator has-alpha-channel-opacity\"\/>\n\n\n\n<h3 class=\"wp-block-heading\">Analytics Cookies<\/h3>\n\n\n\n<p>They allow to quantify the number of users and perform measurement and statistical analysis of the use made by users of the website, in order to improve the experience.<\/p>\n\n\n\n<p>They are installed only if the user accepts them.<\/p>\n\n\n\n<hr class=\"wp-block-separator has-alpha-channel-opacity\"\/>\n\n\n\n<h3 class=\"wp-block-heading\">Personalization cookies<\/h3>\n\n\n\n<p>They allow remembering information for the user to access the service with certain characteristics (e.g. language or preferences).<\/p>\n\n\n\n<hr class=\"wp-block-separator has-alpha-channel-opacity\"\/>\n\n\n\n<h2 class=\"wp-block-heading\">3. How can you configure or disable cookies?<\/h2>\n\n\n\n<p>When accessing the website, the user can accept, reject or configure cookies from the consent banner.<\/p>\n\n\n\n<p>You can also allow, block or delete cookies installed on your computer through your browser settings:<\/p>\n\n\n\n<p><strong>Chrome<\/strong><br><a>https:\/\/support.google.com\/chrome\/answer\/95647<\/a><\/p>\n\n\n\n<p><strong>Firefox<\/strong><br><a>https:\/\/support.mozilla.org\/es\/kb\/habilitar-y-deshabilitar-cookies<\/a><\/p>\n\n\n\n<p><strong>Safari<\/strong><br><a href=\"https:\/\/support.apple.com\/es-es\/guide\/safari\/sfri11471\/mac\">https:\/\/support.apple.com\/es-es\/guide\/safari\/sfri11471\/mac<\/a><\/p>\n\n\n\n<p><strong>Edge<\/strong><br><a>https:\/\/support.microsoft.com\/es-es\/help\/4027947<\/a><\/p>\n\n\n\n<hr class=\"wp-block-separator has-alpha-channel-opacity\"\/>\n\n\n\n<h2 class=\"wp-block-heading\">4. Third Party Cookies<\/h2>\n\n\n\n<p>The website may use third-party services that collect information for statistical and service improvement purposes.<\/p>\n\n\n\n<p>In case of using analytics or mapping tools, such cookies will belong to their respective suppliers.<\/p>\n\n\n\n<hr class=\"wp-block-separator has-alpha-channel-opacity\"\/>\n\n\n\n<h2 class=\"wp-block-heading\">5. Acceptance of cookies policy<\/h2>\n\n\n\n<p>The user expressly accepts the use of cookies by clicking the accept button in the cookie banner.<\/p>\n\n\n\n<p>The user can modify his consent at any time by deleting the cookies stored in his browser.<\/p>\n\n\n\n<hr class=\"wp-block-separator has-alpha-channel-opacity\"\/>\n\n\n\n<h2 class=\"wp-block-heading\">6. Updates<\/h2>\n\n\n\n<p>This cookie policy may be modified according to legislative requirements or to adapt it to the instructions issued by the Spanish Data Protection Agency.<\/p>","protected":false},"excerpt":{"rendered":"<p>1. \u00bfQu\u00e9 son las cookies? Una cookie es un peque\u00f1o archivo que se descarga en el dispositivo del usuario al acceder a determinadas p\u00e1ginas web. Las cookies permiten, entre otras cosas, almacenar y recuperar informaci\u00f3n sobre los h\u00e1bitos de navegaci\u00f3n de un usuario o de su equipo y, dependiendo de la informaci\u00f3n que contengan y [&hellip;]<\/p>\n","protected":false},"author":1,"featured_media":0,"parent":0,"menu_order":0,"comment_status":"closed","ping_status":"closed","template":"","meta":{"footnotes":""},"class_list":["post-316","page","type-page","status-publish","hentry"],"blocksy_meta":[],"_links":{"self":[{"href":"https:\/\/focusfitcenter.com\/en\/wp-json\/wp\/v2\/pages\/316","targetHints":{"allow":["GET"]}}],"collection":[{"href":"https:\/\/focusfitcenter.com\/en\/wp-json\/wp\/v2\/pages"}],"about":[{"href":"https:\/\/focusfitcenter.com\/en\/wp-json\/wp\/v2\/types\/page"}],"author":[{"embeddable":true,"href":"https:\/\/focusfitcenter.com\/en\/wp-json\/wp\/v2\/users\/1"}],"replies":[{"embeddable":true,"href":"https:\/\/focusfitcenter.com\/en\/wp-json\/wp\/v2\/comments?post=316"}],"version-history":[{"count":1,"href":"https:\/\/focusfitcenter.com\/en\/wp-json\/wp\/v2\/pages\/316\/revisions"}],"predecessor-version":[{"id":317,"href":"https:\/\/focusfitcenter.com\/en\/wp-json\/wp\/v2\/pages\/316\/revisions\/317"}],"wp:attachment":[{"href":"https:\/\/focusfitcenter.com\/en\/wp-json\/wp\/v2\/media?parent=316"}],"curies":[{"name":"wp","href":"https:\/\/api.w.org\/{rel}","templated":true}]}}