{"id":27,"date":"2026-02-16T14:10:20","date_gmt":"2026-02-16T14:10:20","guid":{"rendered":"https:\/\/focusfitcenter.com\/?page_id=27"},"modified":"2026-03-02T10:54:00","modified_gmt":"2026-03-02T10:54:00","slug":"inicio","status":"publish","type":"page","link":"https:\/\/focusfitcenter.com\/en\/","title":{"rendered":"Home"},"content":{"rendered":"<div data-elementor-type=\"wp-page\" data-elementor-id=\"27\" class=\"elementor elementor-27\">\n\t\t\t\t<div class=\"elementor-element elementor-element-d80c981 e-flex e-con-boxed e-con e-parent\" data-id=\"d80c981\" data-element_type=\"container\" data-e-type=\"container\" data-settings=\"{&quot;background_background&quot;:&quot;classic&quot;}\">\n\t\t\t\t\t<div class=\"e-con-inner\">\n\t\t\t\t<div class=\"elementor-element elementor-element-e730ab3 elementor-widget elementor-widget-heading\" data-id=\"e730ab3\" data-element_type=\"widget\" data-e-type=\"widget\" data-widget_type=\"heading.default\">\n\t\t\t\t\t<h1 class=\"elementor-heading-title elementor-size-default\">Train with real progress<\/h1>\t\t\t\t<\/div>\n\t\t\t\t<div class=\"elementor-element elementor-element-90c8ef7 elementor-widget__width-initial elementor-widget elementor-widget-text-editor\" data-id=\"90c8ef7\" data-element_type=\"widget\" data-e-type=\"widget\" data-widget_type=\"text-editor.default\">\n\t\t\t\t\t\t\t\t\t<p>At FocusFit you don't come to \u201cwork out\u201d. You come to learn how to train correctly, with professional follow-up and clear goals from day one.<\/p>\t\t\t\t\t\t\t\t<\/div>\n\t\t\t\t\t<\/div>\n\t\t\t\t<\/div>\n\t\t<div class=\"elementor-element elementor-element-a254788 e-flex e-con-boxed e-con e-parent\" data-id=\"a254788\" data-element_type=\"container\" data-e-type=\"container\" data-settings=\"{&quot;background_background&quot;:&quot;classic&quot;}\">\n\t\t\t\t\t<div class=\"e-con-inner\">\n\t\t<div class=\"elementor-element elementor-element-95f4b30 e-con-full e-flex e-con e-child\" data-id=\"95f4b30\" data-element_type=\"container\" data-e-type=\"container\">\n\t\t\t\t<div class=\"elementor-element elementor-element-a371989 elementor-widget elementor-widget-heading\" data-id=\"a371989\" data-element_type=\"widget\" data-e-type=\"widget\" data-widget_type=\"heading.default\">\n\t\t\t\t\t<h2 class=\"elementor-heading-title elementor-size-default\">Group training<\/h2>\t\t\t\t<\/div>\n\t\t\t\t<div class=\"elementor-element elementor-element-2ceb43a elementor-widget elementor-widget-text-editor\" data-id=\"2ceb43a\" data-element_type=\"widget\" data-e-type=\"widget\" data-widget_type=\"text-editor.default\">\n\t\t\t\t\t\t\t\t\t<p>Small groups where you train accompanied but with individual follow up.<\/p>\t\t\t\t\t\t\t\t<\/div>\n\t\t\t\t<\/div>\n\t\t<div class=\"elementor-element elementor-element-2816b41 e-con-full e-flex e-con e-child\" data-id=\"2816b41\" data-element_type=\"container\" data-e-type=\"container\">\n\t\t\t\t<div class=\"elementor-element elementor-element-a3b1bbe elementor-widget elementor-widget-heading\" data-id=\"a3b1bbe\" data-element_type=\"widget\" data-e-type=\"widget\" data-widget_type=\"heading.default\">\n\t\t\t\t\t<h2 class=\"elementor-heading-title elementor-size-default\">Training <br> duo<\/h2>\t\t\t\t<\/div>\n\t\t\t\t<div class=\"elementor-element elementor-element-b8882c4 elementor-widget elementor-widget-text-editor\" data-id=\"b8882c4\" data-element_type=\"widget\" data-e-type=\"widget\" data-widget_type=\"text-editor.default\">\n\t\t\t\t\t\t\t\t\t<p>Train with your partner or friend with personalized attention and shared goals.<\/p>\t\t\t\t\t\t\t\t<\/div>\n\t\t\t\t<\/div>\n\t\t<div class=\"elementor-element elementor-element-6c13a6a e-con-full e-flex e-con e-child\" data-id=\"6c13a6a\" data-element_type=\"container\" data-e-type=\"container\">\n\t\t\t\t<div class=\"elementor-element elementor-element-07b0c6f elementor-widget elementor-widget-heading\" data-id=\"07b0c6f\" data-element_type=\"widget\" data-e-type=\"widget\" data-widget_type=\"heading.default\">\n\t\t\t\t\t<h2 class=\"elementor-heading-title elementor-size-default\">Personal Training<\/h2>\t\t\t\t<\/div>\n\t\t\t\t<div class=\"elementor-element elementor-element-9fe86e3 elementor-widget elementor-widget-text-editor\" data-id=\"9fe86e3\" data-element_type=\"widget\" data-e-type=\"widget\" data-widget_type=\"text-editor.default\">\n\t\t\t\t\t\t\t\t\t<p>Totally individual work adapted to specific needs or physical recovery.<\/p>\t\t\t\t\t\t\t\t<\/div>\n\t\t\t\t<\/div>\n\t\t<div class=\"elementor-element elementor-element-8284d08 e-con-full e-flex e-con e-child\" data-id=\"8284d08\" data-element_type=\"container\" data-e-type=\"container\">\n\t\t\t\t<div class=\"elementor-element elementor-element-8765bbd elementor-widget elementor-widget-heading\" data-id=\"8765bbd\" data-element_type=\"widget\" data-e-type=\"widget\" data-widget_type=\"heading.default\">\n\t\t\t\t\t<h2 class=\"elementor-heading-title elementor-size-default\">Training <br> online<\/h2>\t\t\t\t<\/div>\n\t\t\t\t<div class=\"elementor-element elementor-element-479cd55 elementor-widget elementor-widget-text-editor\" data-id=\"479cd55\" data-element_type=\"widget\" data-e-type=\"widget\" data-widget_type=\"text-editor.default\">\n\t\t\t\t\t\t\t\t\t<p>Planning and monitoring to train from home or gym on your own.<\/p>\t\t\t\t\t\t\t\t<\/div>\n\t\t\t\t<\/div>\n\t\t\t\t\t<\/div>\n\t\t\t\t<\/div>\n\t\t<div class=\"elementor-element elementor-element-5a94a87 e-flex e-con-boxed e-con e-parent\" data-id=\"5a94a87\" data-element_type=\"container\" data-e-type=\"container\">\n\t\t\t\t\t<div class=\"e-con-inner\">\n\t\t<div class=\"elementor-element elementor-element-bce420d e-con-full e-flex e-con e-child\" data-id=\"bce420d\" data-element_type=\"container\" data-e-type=\"container\">\n\t\t\t\t<div class=\"elementor-element elementor-element-e36b33c elementor-widget elementor-widget-image\" data-id=\"e36b33c\" data-element_type=\"widget\" data-e-type=\"widget\" data-widget_type=\"image.default\">\n\t\t\t\t\t\t\t\t\t\t\t\t\t\t\t<img fetchpriority=\"high\" decoding=\"async\" width=\"1024\" height=\"1024\" src=\"https:\/\/focusfitcenter.com\/wp-content\/uploads\/2026\/02\/focusfit-entrenamiento-1024x1024.jpg\" class=\"attachment-large size-large wp-image-66\" alt=\"Entrenador personal en Gri\u00f1\u00f3n | FocusFit Centro de Entrenamiento\" srcset=\"https:\/\/focusfitcenter.com\/wp-content\/uploads\/2026\/02\/focusfit-entrenamiento-1024x1024.jpg 1024w, https:\/\/focusfitcenter.com\/wp-content\/uploads\/2026\/02\/focusfit-entrenamiento-300x300.jpg 300w, https:\/\/focusfitcenter.com\/wp-content\/uploads\/2026\/02\/focusfit-entrenamiento-150x150.jpg 150w, https:\/\/focusfitcenter.com\/wp-content\/uploads\/2026\/02\/focusfit-entrenamiento-768x768.jpg 768w, https:\/\/focusfitcenter.com\/wp-content\/uploads\/2026\/02\/elementor\/thumbs\/focusfit-entrenamiento-rj8rt8hhcxvik5izra94zftjnd0moimmqcmqr9l3l2.jpg 375w, https:\/\/focusfitcenter.com\/wp-content\/uploads\/2026\/02\/focusfit-entrenamiento.jpg 1194w\" sizes=\"(max-width: 1024px) 100vw, 1024px\" title=\"Home\">\t\t\t\t\t\t\t\t\t\t\t\t\t\t\t<\/div>\n\t\t\t\t<\/div>\n\t\t<div class=\"elementor-element elementor-element-4af2793 e-con-full e-flex e-con e-child\" data-id=\"4af2793\" data-element_type=\"container\" data-e-type=\"container\">\n\t\t\t\t<div class=\"elementor-element elementor-element-c915422 elementor-widget elementor-widget-heading\" data-id=\"c915422\" data-element_type=\"widget\" data-e-type=\"widget\" data-widget_type=\"heading.default\">\n\t\t\t\t\t<h2 class=\"elementor-heading-title elementor-size-default\">We are not a conventional gym<\/h2>\t\t\t\t<\/div>\n\t\t\t\t<div class=\"elementor-element elementor-element-f6c0243 elementor-widget elementor-widget-text-editor\" data-id=\"f6c0243\" data-element_type=\"widget\" data-e-type=\"widget\" data-widget_type=\"text-editor.default\">\n\t\t\t\t\t\t\t\t\t<p>Here you don't train on your own or repeat meaningless routines.<br data-start=\"1231\" data-end=\"1234\" \/>Each session is coached by a trainer, adapted to your level and designed to help you improve without injury or loss of time.<\/p>\t\t\t\t\t\t\t\t<\/div>\n\t\t\t\t<div class=\"elementor-element elementor-element-f8091d8 elementor-widget elementor-widget-heading\" data-id=\"f8091d8\" data-element_type=\"widget\" data-e-type=\"widget\" data-widget_type=\"heading.default\">\n\t\t\t\t\t<p class=\"elementor-heading-title elementor-size-default\">Free trial without commitment: 1st FREE Group class<\/p>\t\t\t\t<\/div>\n\t\t\t\t<div class=\"elementor-element elementor-element-7b392dd elementor-widget elementor-widget-button\" data-id=\"7b392dd\" data-element_type=\"widget\" data-e-type=\"widget\" data-widget_type=\"button.default\">\n\t\t\t\t\t\t\t\t\t\t<a class=\"elementor-button elementor-button-link elementor-size-sm\" href=\"https:\/\/focusfitcenter.com\/en\/contacto\/\">\n\t\t\t\t\t\t<span class=\"elementor-button-content-wrapper\">\n\t\t\t\t\t\t\t\t\t<span class=\"elementor-button-text\">Start now<\/span>\n\t\t\t\t\t<\/span>\n\t\t\t\t\t<\/a>\n\t\t\t\t\t\t\t\t<\/div>\n\t\t\t\t<\/div>\n\t\t\t\t\t<\/div>\n\t\t\t\t<\/div>\n\t\t<div class=\"elementor-element elementor-element-cf27248 e-flex e-con-boxed e-con e-parent\" data-id=\"cf27248\" data-element_type=\"container\" data-e-type=\"container\">\n\t\t\t\t\t<div class=\"e-con-inner\">\n\t\t<div class=\"elementor-element elementor-element-17348f8 e-con-full e-flex e-con e-child\" data-id=\"17348f8\" data-element_type=\"container\" data-e-type=\"container\">\n\t\t\t\t<div class=\"elementor-element elementor-element-ffee126 elementor-widget elementor-widget-heading\" data-id=\"ffee126\" data-element_type=\"widget\" data-e-type=\"widget\" data-widget_type=\"heading.default\">\n\t\t\t\t\t<h3 class=\"elementor-heading-title elementor-size-default\">Start right from day one<\/h3>\t\t\t\t<\/div>\n\t\t\t\t<div class=\"elementor-element elementor-element-12d4788 elementor-widget elementor-widget-text-editor\" data-id=\"12d4788\" data-element_type=\"widget\" data-e-type=\"widget\" data-widget_type=\"text-editor.default\">\n\t\t\t\t\t\t\t\t\t<p>The first assessment allows us to understand your starting point and guide you without obligation.<\/p>\t\t\t\t\t\t\t\t<\/div>\n\t\t\t\t<\/div>\n\t\t<div class=\"elementor-element elementor-element-a52ed7a e-con-full e-flex e-con e-child\" data-id=\"a52ed7a\" data-element_type=\"container\" data-e-type=\"container\">\n\t\t\t\t<div class=\"elementor-element elementor-element-e5344ff elementor-widget elementor-widget-button\" data-id=\"e5344ff\" data-element_type=\"widget\" data-e-type=\"widget\" data-widget_type=\"button.default\">\n\t\t\t\t\t\t\t\t\t\t<a class=\"elementor-button elementor-button-link elementor-size-sm\" href=\"https:\/\/focusfitcenter.com\/en\/contacto\/\">\n\t\t\t\t\t\t<span class=\"elementor-button-content-wrapper\">\n\t\t\t\t\t\t\t\t\t<span class=\"elementor-button-text\">I want my rating<\/span>\n\t\t\t\t\t<\/span>\n\t\t\t\t\t<\/a>\n\t\t\t\t\t\t\t\t<\/div>\n\t\t\t\t<\/div>\n\t\t\t\t\t<\/div>\n\t\t\t\t<\/div>\n\t\t<div class=\"elementor-element elementor-element-0ce7b92 e-flex e-con-boxed e-con e-parent\" data-id=\"0ce7b92\" data-element_type=\"container\" data-e-type=\"container\">\n\t\t\t\t\t<div class=\"e-con-inner\">\n\t\t<div class=\"elementor-element elementor-element-f18a5fe e-con-full e-flex e-con e-child\" data-id=\"f18a5fe\" data-element_type=\"container\" data-e-type=\"container\">\n\t\t\t\t<div class=\"elementor-element elementor-element-9096049 elementor-widget elementor-widget-image\" data-id=\"9096049\" data-element_type=\"widget\" data-e-type=\"widget\" data-widget_type=\"image.default\">\n\t\t\t\t\t\t\t\t\t\t\t\t\t\t\t<img decoding=\"async\" width=\"1001\" height=\"1001\" src=\"https:\/\/focusfitcenter.com\/wp-content\/uploads\/2026\/02\/acerca-FocusFit.jpg\" class=\"attachment-large size-large wp-image-118\" alt=\"Entrenador personal en Gri\u00f1\u00f3n | FocusFit Centro de Entrenamiento\" srcset=\"https:\/\/focusfitcenter.com\/wp-content\/uploads\/2026\/02\/acerca-FocusFit.jpg 1001w, https:\/\/focusfitcenter.com\/wp-content\/uploads\/2026\/02\/acerca-FocusFit-300x300.jpg 300w, https:\/\/focusfitcenter.com\/wp-content\/uploads\/2026\/02\/acerca-FocusFit-150x150.jpg 150w, https:\/\/focusfitcenter.com\/wp-content\/uploads\/2026\/02\/acerca-FocusFit-768x768.jpg 768w, https:\/\/focusfitcenter.com\/wp-content\/uploads\/2026\/02\/elementor\/thumbs\/acerca-FocusFit-rj8tftrbd62y94f5mlzyenjwo08ahb8asckbo6pnqe.jpg 375w\" sizes=\"(max-width: 1001px) 100vw, 1001px\" title=\"Home\">\t\t\t\t\t\t\t\t\t\t\t\t\t\t\t<\/div>\n\t\t\t\t<\/div>\n\t\t<div class=\"elementor-element elementor-element-101a5b2 e-con-full e-flex e-con e-child\" data-id=\"101a5b2\" data-element_type=\"container\" data-e-type=\"container\">\n\t\t\t\t<div class=\"elementor-element elementor-element-64ec3df elementor-widget elementor-widget-heading\" data-id=\"64ec3df\" data-element_type=\"widget\" data-e-type=\"widget\" data-widget_type=\"heading.default\">\n\t\t\t\t\t<h2 class=\"elementor-heading-title elementor-size-default\">Book your initial assessment and we will guide you without obligation on the best way to get started.<\/h2>\t\t\t\t<\/div>\n\t\t\t\t<div class=\"elementor-element elementor-element-a26c14e elementor-widget elementor-widget-text-editor\" data-id=\"a26c14e\" data-element_type=\"widget\" data-e-type=\"widget\" data-widget_type=\"text-editor.default\">\n\t\t\t\t\t\t\t\t\t<p data-start=\"262\" data-end=\"452\">First we make an initial assessment to know your starting point, goals and previous experience. From there we guide you to the most suitable type of training for you.<\/p><p data-start=\"454\" data-end=\"621\">From the first day all sessions are guided by the trainer, correcting and adapting the exercises on the spot so that you train with safety and sense.<\/p><p data-start=\"623\" data-end=\"761\">Over the weeks we review your progress and adjust loads and exercises so that you continue to progress without stagnating or getting injured.<\/p><p data-start=\"763\" data-end=\"854\">Our goal is not to tire you out one day, but that in a few months you will notice a real change.<\/p>\t\t\t\t\t\t\t\t<\/div>\n\t\t\t\t<div class=\"elementor-element elementor-element-c3011f1 elementor-widget elementor-widget-button\" data-id=\"c3011f1\" data-element_type=\"widget\" data-e-type=\"widget\" data-widget_type=\"button.default\">\n\t\t\t\t\t\t\t\t\t\t<a class=\"elementor-button elementor-button-link elementor-size-sm\" href=\"https:\/\/focusfitcenter.com\/en\/contacto\/\">\n\t\t\t\t\t\t<span class=\"elementor-button-content-wrapper\">\n\t\t\t\t\t\t\t\t\t<span class=\"elementor-button-text\">I want my rating<\/span>\n\t\t\t\t\t<\/span>\n\t\t\t\t\t<\/a>\n\t\t\t\t\t\t\t\t<\/div>\n\t\t\t\t<\/div>\n\t\t\t\t\t<\/div>\n\t\t\t\t<\/div>\n\t\t\t\t<\/div>","protected":false},"excerpt":{"rendered":"<p>Entrena con progreso real En FocusFit no vienes a \u201chacer ejercicio\u201d. Vienes a aprender a entrenar correctamente, con seguimiento profesional y objetivos claros desde el primer d\u00eda. Entrenamiento en grupo Grupos reducidos donde entrenas acompa\u00f1ado pero con seguimiento individual. Entrenamiento d\u00fao Entrena con tu pareja o amigo con atenci\u00f3n personalizada y objetivos compartidos. Entrenamiento personal [&hellip;]<\/p>\n","protected":false},"author":1,"featured_media":0,"parent":0,"menu_order":0,"comment_status":"closed","ping_status":"closed","template":"elementor_header_footer","meta":{"footnotes":""},"class_list":["post-27","page","type-page","status-publish","hentry"],"blocksy_meta":[],"_links":{"self":[{"href":"https:\/\/focusfitcenter.com\/en\/wp-json\/wp\/v2\/pages\/27","targetHints":{"allow":["GET"]}}],"collection":[{"href":"https:\/\/focusfitcenter.com\/en\/wp-json\/wp\/v2\/pages"}],"about":[{"href":"https:\/\/focusfitcenter.com\/en\/wp-json\/wp\/v2\/types\/page"}],"author":[{"embeddable":true,"href":"https:\/\/focusfitcenter.com\/en\/wp-json\/wp\/v2\/users\/1"}],"replies":[{"embeddable":true,"href":"https:\/\/focusfitcenter.com\/en\/wp-json\/wp\/v2\/comments?post=27"}],"version-history":[{"count":148,"href":"https:\/\/focusfitcenter.com\/en\/wp-json\/wp\/v2\/pages\/27\/revisions"}],"predecessor-version":[{"id":434,"href":"https:\/\/focusfitcenter.com\/en\/wp-json\/wp\/v2\/pages\/27\/revisions\/434"}],"wp:attachment":[{"href":"https:\/\/focusfitcenter.com\/en\/wp-json\/wp\/v2\/media?parent=27"}],"curies":[{"name":"wp","href":"https:\/\/api.w.org\/{rel}","templated":true}]}}