{"id":249,"date":"2026-02-16T17:35:32","date_gmt":"2026-02-16T17:35:32","guid":{"rendered":"https:\/\/focusfitcenter.com\/?page_id=249"},"modified":"2026-02-19T12:55:02","modified_gmt":"2026-02-19T12:55:02","slug":"instalaciones","status":"publish","type":"page","link":"https:\/\/focusfitcenter.com\/en\/instalaciones\/","title":{"rendered":"Facilities"},"content":{"rendered":"<div data-elementor-type=\"wp-page\" data-elementor-id=\"249\" class=\"elementor elementor-249\">\n\t\t\t\t<div class=\"elementor-element elementor-element-68ebd808 e-flex e-con-boxed e-con e-parent\" data-id=\"68ebd808\" data-element_type=\"container\" data-e-type=\"container\" data-settings=\"{&quot;background_background&quot;:&quot;classic&quot;}\">\n\t\t\t\t\t<div class=\"e-con-inner\">\n\t\t\t\t<div class=\"elementor-element elementor-element-698330a6 elementor-widget elementor-widget-heading\" data-id=\"698330a6\" data-element_type=\"widget\" data-e-type=\"widget\" data-widget_type=\"heading.default\">\n\t\t\t\t\t<h1 class=\"elementor-heading-title elementor-size-default\">A prepared space <br>to train with peace of mind<\/h1>\t\t\t\t<\/div>\n\t\t\t\t<div class=\"elementor-element elementor-element-55a5f737 elementor-widget__width-initial elementor-widget elementor-widget-text-editor\" data-id=\"55a5f737\" data-element_type=\"widget\" data-e-type=\"widget\" data-widget_type=\"text-editor.default\">\n\t\t\t\t\t\t\t\t\t<p>Organized facilities, without overcrowding and designed so that you can concentrate on improving from the first day.<\/p>\t\t\t\t\t\t\t\t<\/div>\n\t\t\t\t\t<\/div>\n\t\t\t\t<\/div>\n\t\t<div class=\"elementor-element elementor-element-c39cbf0 e-flex e-con-boxed e-con e-parent\" data-id=\"c39cbf0\" data-element_type=\"container\" data-e-type=\"container\">\n\t\t\t\t\t<div class=\"e-con-inner\">\n\t\t<div class=\"elementor-element elementor-element-98c43a3 e-grid e-con-full e-con e-child\" data-id=\"98c43a3\" data-element_type=\"container\" data-e-type=\"container\">\n\t\t\t\t<div class=\"elementor-element elementor-element-b6aadf7 elementor-widget elementor-widget-image\" data-id=\"b6aadf7\" data-element_type=\"widget\" data-e-type=\"widget\" data-widget_type=\"image.default\">\n\t\t\t\t\t\t\t\t\t\t\t\t\t\t\t\t<a href=\"http:\/\/focusfitcenter.com\/wp-content\/uploads\/2026\/02\/focusfit-entrenamiento-1.jpg\" data-elementor-open-lightbox=\"yes\" data-elementor-lightbox-title=\"Entrenamientos en Gri\u00f1\u00f3n: personal, d\u00fao y grupo | FocusFit\" data-e-action-hash=\"#elementor-action%3Aaction%3Dlightbox%26settings%3DeyJpZCI6MTg1LCJ1cmwiOiJodHRwczpcL1wvZm9jdXNmaXRjZW50ZXIuY29tXC93cC1jb250ZW50XC91cGxvYWRzXC8yMDI2XC8wMlwvZm9jdXNmaXQtZW50cmVuYW1pZW50by0xLmpwZyJ9\">\n\t\t\t\t\t\t\t<img decoding=\"async\" src=\"https:\/\/focusfitcenter.com\/wp-content\/uploads\/elementor\/thumbs\/focusfit-entrenamiento-1-rj8v4gck6h2r3octltfo8cs80pekyhx14fds0otiee.jpg\" title=\"Workouts in Gri\u00f1\u00f3n: personal, duo and group : FocusFit\" alt=\"Entrenamientos en Gri\u00f1\u00f3n: personal, d\u00fao y grupo | FocusFit\" loading=\"lazy\" \/>\t\t\t\t\t\t\t\t<\/a>\n\t\t\t\t\t\t\t\t\t\t\t\t\t\t\t<\/div>\n\t\t\t\t<div class=\"elementor-element elementor-element-f5d9088 elementor-widget elementor-widget-image\" data-id=\"f5d9088\" data-element_type=\"widget\" data-e-type=\"widget\" data-widget_type=\"image.default\">\n\t\t\t\t\t\t\t\t\t\t\t\t\t\t\t\t<a href=\"http:\/\/focusfitcenter.com\/wp-content\/uploads\/2026\/02\/centroprivado-FocusFit.jpg\" data-elementor-open-lightbox=\"yes\" data-elementor-lightbox-title=\"Centro privado de entrenamiento en Gri\u00f1\u00f3n | FocusFit\" data-elementor-lightbox-description=\"Centro privado de entrenamiento en Gri\u00f1\u00f3n | FocusFit\" data-e-action-hash=\"#elementor-action%3Aaction%3Dlightbox%26settings%3DeyJpZCI6MjI4LCJ1cmwiOiJodHRwczpcL1wvZm9jdXNmaXRjZW50ZXIuY29tXC93cC1jb250ZW50XC91cGxvYWRzXC8yMDI2XC8wMlwvY2VudHJvcHJpdmFkby1Gb2N1c0ZpdC5qcGcifQ%3D%3D\">\n\t\t\t\t\t\t\t<img decoding=\"async\" src=\"https:\/\/focusfitcenter.com\/wp-content\/uploads\/elementor\/thumbs\/centroprivado-FocusFit-rj8z6a16g6p69ujd3cn1k21lponk41twu6wlb2lr3a.jpg\" title=\"Private training center in Gri\u00f1\u00f3n : FocusFit\" alt=\"Centro privado de entrenamiento en Gri\u00f1\u00f3n | FocusFit\" loading=\"lazy\" \/>\t\t\t\t\t\t\t\t<\/a>\n\t\t\t\t\t\t\t\t\t\t\t\t\t\t\t<\/div>\n\t\t\t\t<div class=\"elementor-element elementor-element-e23e4d6 elementor-widget elementor-widget-image\" data-id=\"e23e4d6\" data-element_type=\"widget\" data-e-type=\"widget\" data-widget_type=\"image.default\">\n\t\t\t\t\t\t\t\t\t\t\t\t\t\t\t\t<a href=\"http:\/\/focusfitcenter.com\/wp-content\/uploads\/2026\/02\/entrenamiento-personal-focusfit.jpg\" data-elementor-open-lightbox=\"yes\" data-elementor-lightbox-title=\"Entrenamientos en Gri\u00f1\u00f3n: personal, d\u00fao y grupo | FocusFit\" data-elementor-lightbox-description=\"Entrenamientos en Gri\u00f1\u00f3n: personal, d\u00fao y grupo | FocusFit\" data-e-action-hash=\"#elementor-action%3Aaction%3Dlightbox%26settings%3DeyJpZCI6MTk4LCJ1cmwiOiJodHRwczpcL1wvZm9jdXNmaXRjZW50ZXIuY29tXC93cC1jb250ZW50XC91cGxvYWRzXC8yMDI2XC8wMlwvZW50cmVuYW1pZW50by1wZXJzb25hbC1mb2N1c2ZpdC5qcGcifQ%3D%3D\">\n\t\t\t\t\t\t\t<img decoding=\"async\" src=\"https:\/\/focusfitcenter.com\/wp-content\/uploads\/elementor\/thumbs\/entrenamiento-personal-focusfit-rj8wyp13t5r7ae4xsy86g50n38wselw1wagmjolpwm.jpg\" title=\"Workouts in Gri\u00f1\u00f3n: personal, duo and group : FocusFit\" alt=\"Entrenamientos en Gri\u00f1\u00f3n: personal, d\u00fao y grupo | FocusFit\" loading=\"lazy\" \/>\t\t\t\t\t\t\t\t<\/a>\n\t\t\t\t\t\t\t\t\t\t\t\t\t\t\t<\/div>\n\t\t\t\t<div class=\"elementor-element elementor-element-f274244 elementor-widget elementor-widget-image\" data-id=\"f274244\" data-element_type=\"widget\" data-e-type=\"widget\" data-widget_type=\"image.default\">\n\t\t\t\t\t\t\t\t\t\t\t\t\t\t\t\t<a href=\"http:\/\/focusfitcenter.com\/wp-content\/uploads\/2026\/02\/Entrenamiento-duo-FocusFit.jpg\" data-elementor-open-lightbox=\"yes\" data-elementor-lightbox-title=\"Entrenamientos en Gri\u00f1\u00f3n: personal, d\u00fao y grupo | FocusFit\" data-elementor-lightbox-description=\"Entrenamientos en Gri\u00f1\u00f3n: personal, d\u00fao y grupo | FocusFit\" data-e-action-hash=\"#elementor-action%3Aaction%3Dlightbox%26settings%3DeyJpZCI6MTk5LCJ1cmwiOiJodHRwczpcL1wvZm9jdXNmaXRjZW50ZXIuY29tXC93cC1jb250ZW50XC91cGxvYWRzXC8yMDI2XC8wMlwvRW50cmVuYW1pZW50by1kdW8tRm9jdXNGaXQuanBnIn0%3D\">\n\t\t\t\t\t\t\t<img decoding=\"async\" src=\"https:\/\/focusfitcenter.com\/wp-content\/uploads\/elementor\/thumbs\/Entrenamiento-duo-FocusFit-rj8x6j0orgh81erc2c4985uxauawjsziz26aiozm1y.jpg\" title=\"Workouts in Gri\u00f1\u00f3n: personal, duo and group : FocusFit\" alt=\"Entrenamientos en Gri\u00f1\u00f3n: personal, d\u00fao y grupo | FocusFit\" loading=\"lazy\" \/>\t\t\t\t\t\t\t\t<\/a>\n\t\t\t\t\t\t\t\t\t\t\t\t\t\t\t<\/div>\n\t\t\t\t<div class=\"elementor-element elementor-element-b79733c elementor-widget elementor-widget-image\" data-id=\"b79733c\" data-element_type=\"widget\" data-e-type=\"widget\" data-widget_type=\"image.default\">\n\t\t\t\t\t\t\t\t\t\t\t\t\t\t\t\t<a href=\"http:\/\/focusfitcenter.com\/wp-content\/uploads\/2026\/02\/acerca-FocusFit.jpg\" data-elementor-open-lightbox=\"yes\" data-elementor-lightbox-title=\"acerca-FocusFit\" data-elementor-lightbox-description=\"Entrenador personal en Gri\u00f1\u00f3n | FocusFit Centro de Entrenamiento\" data-e-action-hash=\"#elementor-action%3Aaction%3Dlightbox%26settings%3DeyJpZCI6MTE4LCJ1cmwiOiJodHRwczpcL1wvZm9jdXNmaXRjZW50ZXIuY29tXC93cC1jb250ZW50XC91cGxvYWRzXC8yMDI2XC8wMlwvYWNlcmNhLUZvY3VzRml0LmpwZyJ9\">\n\t\t\t\t\t\t\t<img decoding=\"async\" src=\"https:\/\/focusfitcenter.com\/wp-content\/uploads\/elementor\/thumbs\/acerca-FocusFit-rj8tftrbd62y94f5mlzyenjwo08ahb8asckbo6pnqe.jpg\" title=\"about-FocusFit\" alt=\"Entrenador personal en Gri\u00f1\u00f3n | FocusFit Centro de Entrenamiento\" loading=\"lazy\" \/>\t\t\t\t\t\t\t\t<\/a>\n\t\t\t\t\t\t\t\t\t\t\t\t\t\t\t<\/div>\n\t\t\t\t<div class=\"elementor-element elementor-element-84cc3ae elementor-widget elementor-widget-image\" data-id=\"84cc3ae\" data-element_type=\"widget\" data-e-type=\"widget\" data-widget_type=\"image.default\">\n\t\t\t\t\t\t\t\t\t\t\t\t\t\t\t\t<a href=\"http:\/\/focusfitcenter.com\/wp-content\/uploads\/2026\/02\/focusfit-entrenamiento.jpg\" data-elementor-open-lightbox=\"yes\" data-elementor-lightbox-title=\"focusfit-entrenamiento\" data-elementor-lightbox-description=\"Entrenador personal en Gri\u00f1\u00f3n | FocusFit Centro de Entrenamiento\" data-e-action-hash=\"#elementor-action%3Aaction%3Dlightbox%26settings%3DeyJpZCI6NjYsInVybCI6Imh0dHBzOlwvXC9mb2N1c2ZpdGNlbnRlci5jb21cL3dwLWNvbnRlbnRcL3VwbG9hZHNcLzIwMjZcLzAyXC9mb2N1c2ZpdC1lbnRyZW5hbWllbnRvLmpwZyJ9\">\n\t\t\t\t\t\t\t<img decoding=\"async\" src=\"https:\/\/focusfitcenter.com\/wp-content\/uploads\/elementor\/thumbs\/focusfit-entrenamiento-rj8rt8hhcxvik5izra94zftjnd0moimmqcmqr9l3l2.jpg\" title=\"focusfit-training\" alt=\"Entrenador personal en Gri\u00f1\u00f3n | FocusFit Centro de Entrenamiento\" loading=\"lazy\" \/>\t\t\t\t\t\t\t\t<\/a>\n\t\t\t\t\t\t\t\t\t\t\t\t\t\t\t<\/div>\n\t\t\t\t<div class=\"elementor-element elementor-element-d18cce6 elementor-widget elementor-widget-image\" data-id=\"d18cce6\" data-element_type=\"widget\" data-e-type=\"widget\" data-widget_type=\"image.default\">\n\t\t\t\t\t\t\t\t\t\t\t\t\t\t\t\t<a href=\"http:\/\/focusfitcenter.com\/wp-content\/uploads\/2026\/02\/IMG_1786_entrenaminto.png\" data-elementor-open-lightbox=\"yes\" data-elementor-lightbox-title=\"img 1786 entrenaminto\" data-e-action-hash=\"#elementor-action%3Aaction%3Dlightbox%26settings%3DeyJpZCI6NDA0LCJ1cmwiOiJodHRwczpcL1wvZm9jdXNmaXRjZW50ZXIuY29tXC93cC1jb250ZW50XC91cGxvYWRzXC8yMDI2XC8wMlwvSU1HXzE3ODZfZW50cmVuYW1pbnRvLnBuZyJ9\">\n\t\t\t\t\t\t\t<img decoding=\"async\" src=\"https:\/\/focusfitcenter.com\/wp-content\/uploads\/elementor\/thumbs\/IMG_1786_entrenaminto-rjdv16g5j9838ijv2x1adh51qsg9q52el8mmp3pqp2.png\" title=\"img 1786 training\" alt=\"img 1786 entrenaminto\" loading=\"lazy\" \/>\t\t\t\t\t\t\t\t<\/a>\n\t\t\t\t\t\t\t\t\t\t\t\t\t\t\t<\/div>\n\t\t\t\t<div class=\"elementor-element elementor-element-8539c82 elementor-widget elementor-widget-image\" data-id=\"8539c82\" data-element_type=\"widget\" data-e-type=\"widget\" data-widget_type=\"image.default\">\n\t\t\t\t\t\t\t\t\t\t\t\t\t\t\t\t<a href=\"http:\/\/focusfitcenter.com\/wp-content\/uploads\/2026\/02\/IMG_1780entrenamiento.jpg\" data-elementor-open-lightbox=\"yes\" data-elementor-lightbox-title=\"img 1780entrenamiento\" data-e-action-hash=\"#elementor-action%3Aaction%3Dlightbox%26settings%3DeyJpZCI6NDA2LCJ1cmwiOiJodHRwczpcL1wvZm9jdXNmaXRjZW50ZXIuY29tXC93cC1jb250ZW50XC91cGxvYWRzXC8yMDI2XC8wMlwvSU1HXzE3ODBlbnRyZW5hbWllbnRvLmpwZyJ9\">\n\t\t\t\t\t\t\t<img decoding=\"async\" src=\"https:\/\/focusfitcenter.com\/wp-content\/uploads\/elementor\/thumbs\/IMG_1780entrenamiento-rjdv5jf78l6z3e7umavzfvj0y4ykfldkutkpub8zty.jpg\" title=\"img 1780training\" alt=\"img 1780entrenamiento\" loading=\"lazy\" \/>\t\t\t\t\t\t\t\t<\/a>\n\t\t\t\t\t\t\t\t\t\t\t\t\t\t\t<\/div>\n\t\t\t\t<div class=\"elementor-element elementor-element-9ceeff6 elementor-widget elementor-widget-image\" data-id=\"9ceeff6\" data-element_type=\"widget\" data-e-type=\"widget\" data-widget_type=\"image.default\">\n\t\t\t\t\t\t\t\t\t\t\t\t\t\t\t\t<a href=\"http:\/\/focusfitcenter.com\/wp-content\/uploads\/2026\/02\/IMG_1782_entrenamiento.jpg\" data-elementor-open-lightbox=\"yes\" data-elementor-lightbox-title=\"img 1782 entrenamiento\" data-e-action-hash=\"#elementor-action%3Aaction%3Dlightbox%26settings%3DeyJpZCI6NDEyLCJ1cmwiOiJodHRwczpcL1wvZm9jdXNmaXRjZW50ZXIuY29tXC93cC1jb250ZW50XC91cGxvYWRzXC8yMDI2XC8wMlwvSU1HXzE3ODJfZW50cmVuYW1pZW50by5qcGcifQ%3D%3D\">\n\t\t\t\t\t\t\t<img decoding=\"async\" src=\"https:\/\/focusfitcenter.com\/wp-content\/uploads\/elementor\/thumbs\/IMG_1782_entrenamiento-rjdvbvtzdbvngn02kjmbrrw1arore1kcq83pgjubty.jpg\" title=\"img 1782 training\" alt=\"img 1782 entrenamiento\" loading=\"lazy\" \/>\t\t\t\t\t\t\t\t<\/a>\n\t\t\t\t\t\t\t\t\t\t\t\t\t\t\t<\/div>\n\t\t\t\t<div class=\"elementor-element elementor-element-d3239b6 elementor-widget elementor-widget-image\" data-id=\"d3239b6\" data-element_type=\"widget\" data-e-type=\"widget\" data-widget_type=\"image.default\">\n\t\t\t\t\t\t\t\t\t\t\t\t\t\t\t\t<a href=\"http:\/\/focusfitcenter.com\/wp-content\/uploads\/2026\/02\/IMG_1783_entrenamiento.jpg\" data-elementor-open-lightbox=\"yes\" data-elementor-lightbox-title=\"img 1783 entrenamiento\" data-e-action-hash=\"#elementor-action%3Aaction%3Dlightbox%26settings%3DeyJpZCI6NDEzLCJ1cmwiOiJodHRwczpcL1wvZm9jdXNmaXRjZW50ZXIuY29tXC93cC1jb250ZW50XC91cGxvYWRzXC8yMDI2XC8wMlwvSU1HXzE3ODNfZW50cmVuYW1pZW50by5qcGcifQ%3D%3D\">\n\t\t\t\t\t\t\t<img decoding=\"async\" src=\"https:\/\/focusfitcenter.com\/wp-content\/uploads\/elementor\/thumbs\/IMG_1783_entrenamiento-rjdvemj1axmrbp0pk8a5jkzfo86au9g63sloulrzom.jpg\" title=\"img 1783 training\" alt=\"img 1783 entrenamiento\" loading=\"lazy\" \/>\t\t\t\t\t\t\t\t<\/a>\n\t\t\t\t\t\t\t\t\t\t\t\t\t\t\t<\/div>\n\t\t\t\t<div class=\"elementor-element elementor-element-b1a0f55 elementor-widget elementor-widget-image\" data-id=\"b1a0f55\" data-element_type=\"widget\" data-e-type=\"widget\" data-widget_type=\"image.default\">\n\t\t\t\t\t\t\t\t\t\t\t\t\t\t\t\t<a href=\"http:\/\/focusfitcenter.com\/wp-content\/uploads\/2026\/02\/IMG_1785_entremiento.jpg\" data-elementor-open-lightbox=\"yes\" data-elementor-lightbox-title=\"img 1785 entremiento\" data-e-action-hash=\"#elementor-action%3Aaction%3Dlightbox%26settings%3DeyJpZCI6NDE0LCJ1cmwiOiJodHRwczpcL1wvZm9jdXNmaXRjZW50ZXIuY29tXC93cC1jb250ZW50XC91cGxvYWRzXC8yMDI2XC8wMlwvSU1HXzE3ODVfZW50cmVtaWVudG8uanBnIn0%3D\">\n\t\t\t\t\t\t\t<img decoding=\"async\" src=\"https:\/\/focusfitcenter.com\/wp-content\/uploads\/elementor\/thumbs\/IMG_1785_entremiento-rjdveyqxrs3himiykvkaxzwfe8i2mbsohh30379vfq.jpg\" title=\"img 1785 entremiento\" alt=\"img 1785 entremiento\" loading=\"lazy\" \/>\t\t\t\t\t\t\t\t<\/a>\n\t\t\t\t\t\t\t\t\t\t\t\t\t\t\t<\/div>\n\t\t\t\t<div class=\"elementor-element elementor-element-fc80bdf elementor-widget elementor-widget-image\" data-id=\"fc80bdf\" data-element_type=\"widget\" data-e-type=\"widget\" data-widget_type=\"image.default\">\n\t\t\t\t\t\t\t\t\t\t\t\t\t\t\t\t<a href=\"http:\/\/focusfitcenter.com\/wp-content\/uploads\/2026\/02\/IMG_1788_entremiento.jpg\" data-elementor-open-lightbox=\"yes\" data-elementor-lightbox-title=\"img 1788 entremiento\" data-e-action-hash=\"#elementor-action%3Aaction%3Dlightbox%26settings%3DeyJpZCI6NDE1LCJ1cmwiOiJodHRwczpcL1wvZm9jdXNmaXRjZW50ZXIuY29tXC93cC1jb250ZW50XC91cGxvYWRzXC8yMDI2XC8wMlwvSU1HXzE3ODhfZW50cmVtaWVudG8uanBnIn0%3D\">\n\t\t\t\t\t\t\t<img decoding=\"async\" src=\"https:\/\/focusfitcenter.com\/wp-content\/uploads\/elementor\/thumbs\/IMG_1788_entremiento-rjdvgosaaugesw0uimdoik8ulo0aqcmyq051rgpw12.jpg\" title=\"img 1788 entremiento\" alt=\"img 1788 entremiento\" loading=\"lazy\" \/>\t\t\t\t\t\t\t\t<\/a>\n\t\t\t\t\t\t\t\t\t\t\t\t\t\t\t<\/div>\n\t\t\t\t<\/div>\n\t\t\t\t\t<\/div>\n\t\t\t\t<\/div>\n\t\t<div class=\"elementor-element elementor-element-0c2a18e e-flex e-con-boxed e-con e-parent\" data-id=\"0c2a18e\" data-element_type=\"container\" data-e-type=\"container\">\n\t\t\t\t\t<div class=\"e-con-inner\">\n\t\t<div class=\"elementor-element elementor-element-3b10e6c e-con-full e-flex e-con e-child\" data-id=\"3b10e6c\" data-element_type=\"container\" data-e-type=\"container\">\n\t\t\t\t<div class=\"elementor-element elementor-element-9de79f1 elementor-widget elementor-widget-heading\" data-id=\"9de79f1\" data-element_type=\"widget\" data-e-type=\"widget\" data-widget_type=\"heading.default\">\n\t\t\t\t\t<h3 class=\"elementor-heading-title elementor-size-default\">Come and meet us<\/h3>\t\t\t\t<\/div>\n\t\t\t\t<div class=\"elementor-element elementor-element-ce0c612 elementor-widget elementor-widget-text-editor\" data-id=\"ce0c612\" data-element_type=\"widget\" data-e-type=\"widget\" data-widget_type=\"text-editor.default\">\n\t\t\t\t\t\t\t\t\t<p>If you would like to get to know the center and see if it is a good fit for you, you can come in for a no-obligation initial assessment.<\/p>\t\t\t\t\t\t\t\t<\/div>\n\t\t\t\t<\/div>\n\t\t<div class=\"elementor-element elementor-element-6b020d8 e-con-full e-flex e-con e-child\" data-id=\"6b020d8\" data-element_type=\"container\" data-e-type=\"container\">\n\t\t\t\t<div class=\"elementor-element elementor-element-5fcf2a8 elementor-widget elementor-widget-button\" data-id=\"5fcf2a8\" data-element_type=\"widget\" data-e-type=\"widget\" data-widget_type=\"button.default\">\n\t\t\t\t\t\t\t\t\t\t<a class=\"elementor-button elementor-button-link elementor-size-sm\" href=\"https:\/\/focusfitcenter.com\/en\/contacto\/\">\n\t\t\t\t\t\t<span class=\"elementor-button-content-wrapper\">\n\t\t\t\t\t\t\t\t\t<span class=\"elementor-button-text\">START NOW<\/span>\n\t\t\t\t\t<\/span>\n\t\t\t\t\t<\/a>\n\t\t\t\t\t\t\t\t<\/div>\n\t\t\t\t<\/div>\n\t\t\t\t\t<\/div>\n\t\t\t\t<\/div>\n\t\t\t\t<\/div>","protected":false},"excerpt":{"rendered":"<p>Un espacio preparado para entrenar con tranquilidad Instalaciones organizadas, sin masificaciones y pensadas para que puedas concentrarte en mejorar desde el primer d\u00eda. Ven a conocernos Si quieres conocer el centro y saber si encaja contigo, puedes venir a una valoraci\u00f3n inicial sin compromiso. EMPIEZA AHORA<\/p>","protected":false},"author":1,"featured_media":0,"parent":0,"menu_order":0,"comment_status":"closed","ping_status":"closed","template":"elementor_header_footer","meta":{"footnotes":""},"class_list":["post-249","page","type-page","status-publish","hentry"],"blocksy_meta":[],"_links":{"self":[{"href":"https:\/\/focusfitcenter.com\/en\/wp-json\/wp\/v2\/pages\/249","targetHints":{"allow":["GET"]}}],"collection":[{"href":"https:\/\/focusfitcenter.com\/en\/wp-json\/wp\/v2\/pages"}],"about":[{"href":"https:\/\/focusfitcenter.com\/en\/wp-json\/wp\/v2\/types\/page"}],"author":[{"embeddable":true,"href":"https:\/\/focusfitcenter.com\/en\/wp-json\/wp\/v2\/users\/1"}],"replies":[{"embeddable":true,"href":"https:\/\/focusfitcenter.com\/en\/wp-json\/wp\/v2\/comments?post=249"}],"version-history":[{"count":37,"href":"https:\/\/focusfitcenter.com\/en\/wp-json\/wp\/v2\/pages\/249\/revisions"}],"predecessor-version":[{"id":421,"href":"https:\/\/focusfitcenter.com\/en\/wp-json\/wp\/v2\/pages\/249\/revisions\/421"}],"wp:attachment":[{"href":"https:\/\/focusfitcenter.com\/en\/wp-json\/wp\/v2\/media?parent=249"}],"curies":[{"name":"wp","href":"https:\/\/api.w.org\/{rel}","templated":true}]}}