{"id":217,"date":"2026-02-16T17:03:41","date_gmt":"2026-02-16T17:03:41","guid":{"rendered":"https:\/\/focusfitcenter.com\/?page_id=217"},"modified":"2026-02-19T13:20:35","modified_gmt":"2026-02-19T13:20:35","slug":"sobre-nosotros","status":"publish","type":"page","link":"https:\/\/focusfitcenter.com\/en\/sobre-nosotros\/","title":{"rendered":"About us"},"content":{"rendered":"<div data-elementor-type=\"wp-page\" data-elementor-id=\"217\" class=\"elementor elementor-217\">\n\t\t\t\t<div class=\"elementor-element elementor-element-72331cc7 e-flex e-con-boxed e-con e-parent\" data-id=\"72331cc7\" data-element_type=\"container\" data-e-type=\"container\">\n\t\t\t\t\t<div class=\"e-con-inner\">\n\t\t\t\t<div class=\"elementor-element elementor-element-6c2957c8 elementor-widget elementor-widget-heading\" data-id=\"6c2957c8\" data-element_type=\"widget\" data-e-type=\"widget\" data-widget_type=\"heading.default\">\n\t\t\t\t\t<h1 class=\"elementor-heading-title elementor-size-default\">A private center <br>designed for real training<\/h1>\t\t\t\t<\/div>\n\t\t\t\t<div class=\"elementor-element elementor-element-6cccb2f4 elementor-widget__width-initial elementor-widget elementor-widget-text-editor\" data-id=\"6cccb2f4\" data-element_type=\"widget\" data-e-type=\"widget\" data-widget_type=\"text-editor.default\">\n\t\t\t\t\t\t\t\t\t<p>FocusFit is not an overcrowded gym. It is a space designed to work with tranquility, close attention and guided workouts.<\/p>\t\t\t\t\t\t\t\t<\/div>\n\t\t\t\t\t<\/div>\n\t\t\t\t<\/div>\n\t\t<div class=\"elementor-element elementor-element-6897b656 e-flex e-con-boxed e-con e-parent\" data-id=\"6897b656\" data-element_type=\"container\" data-e-type=\"container\" data-settings=\"{&quot;background_background&quot;:&quot;classic&quot;}\">\n\t\t\t\t\t<div class=\"e-con-inner\">\n\t\t<div class=\"elementor-element elementor-element-6fca53ad e-con-full e-flex e-con e-child\" data-id=\"6fca53ad\" data-element_type=\"container\" data-e-type=\"container\">\n\t\t\t\t<div class=\"elementor-element elementor-element-2a168385 elementor-widget elementor-widget-image\" data-id=\"2a168385\" data-element_type=\"widget\" data-e-type=\"widget\" data-widget_type=\"image.default\">\n\t\t\t\t\t\t\t\t\t\t\t\t\t\t\t<img fetchpriority=\"high\" decoding=\"async\" width=\"1024\" height=\"1024\" src=\"https:\/\/focusfitcenter.com\/wp-content\/uploads\/2026\/02\/centroprivado-FocusFit-1024x1024.jpg\" class=\"attachment-large size-large wp-image-228\" alt=\"Centro privado de entrenamiento en Gri\u00f1\u00f3n | FocusFit\" srcset=\"https:\/\/focusfitcenter.com\/wp-content\/uploads\/2026\/02\/centroprivado-FocusFit-1024x1024.jpg 1024w, https:\/\/focusfitcenter.com\/wp-content\/uploads\/2026\/02\/centroprivado-FocusFit-300x300.jpg 300w, https:\/\/focusfitcenter.com\/wp-content\/uploads\/2026\/02\/centroprivado-FocusFit-150x150.jpg 150w, https:\/\/focusfitcenter.com\/wp-content\/uploads\/2026\/02\/centroprivado-FocusFit-768x768.jpg 768w, https:\/\/focusfitcenter.com\/wp-content\/uploads\/2026\/02\/elementor\/thumbs\/centroprivado-FocusFit-rj8z6a16g6p69ujd3cn1k21lponk41twu6wlb2lr3a.jpg 375w, https:\/\/focusfitcenter.com\/wp-content\/uploads\/2026\/02\/centroprivado-FocusFit.jpg 1170w\" sizes=\"(max-width: 1024px) 100vw, 1024px\" title=\"About us\">\t\t\t\t\t\t\t\t\t\t\t\t\t\t\t<\/div>\n\t\t\t\t<\/div>\n\t\t<div class=\"elementor-element elementor-element-15dd327d e-con-full e-flex e-con e-child\" data-id=\"15dd327d\" data-element_type=\"container\" data-e-type=\"container\">\n\t\t\t\t<div class=\"elementor-element elementor-element-7815c9e8 elementor-widget elementor-widget-heading\" data-id=\"7815c9e8\" data-element_type=\"widget\" data-e-type=\"widget\" data-widget_type=\"heading.default\">\n\t\t\t\t\t<h2 class=\"elementor-heading-title elementor-size-default\">Our training idea<\/h2>\t\t\t\t<\/div>\n\t\t\t\t<div class=\"elementor-element elementor-element-14c1b843 elementor-widget elementor-widget-text-editor\" data-id=\"14c1b843\" data-element_type=\"widget\" data-e-type=\"widget\" data-widget_type=\"text-editor.default\">\n\t\t\t\t\t\t\t\t\t<p data-start=\"575\" data-end=\"677\">At FocusFit we believe that getting better physically does not depend on training harder, but on training better.<\/p><p data-start=\"679\" data-end=\"912\">That is why each session is supervised, adapted to the level of each person and oriented to progress without rushing but without pauses. Here you do not come to improvise or to follow generic routines: you come to understand what you do and why you do it.<\/p><p data-start=\"914\" data-end=\"1067\">Our goal is not to wear you out on the first day, but rather that within a few months you will notice a real change in the way you move, in your strength and confidence.<\/p>\t\t\t\t\t\t\t\t<\/div>\n\t\t\t\t<div class=\"elementor-element elementor-element-38f362c7 elementor-widget elementor-widget-button\" data-id=\"38f362c7\" data-element_type=\"widget\" data-e-type=\"widget\" data-widget_type=\"button.default\">\n\t\t\t\t\t\t\t\t\t\t<a class=\"elementor-button elementor-button-link elementor-size-sm\" href=\"https:\/\/focusfitcenter.com\/en\/contacto\/\">\n\t\t\t\t\t\t<span class=\"elementor-button-content-wrapper\">\n\t\t\t\t\t\t\t\t\t<span class=\"elementor-button-text\">Contact us at<\/span>\n\t\t\t\t\t<\/span>\n\t\t\t\t\t<\/a>\n\t\t\t\t\t\t\t\t<\/div>\n\t\t\t\t<\/div>\n\t\t\t\t\t<\/div>\n\t\t\t\t<\/div>\n\t\t<div class=\"elementor-element elementor-element-77879638 e-flex e-con-boxed e-con e-parent\" data-id=\"77879638\" data-element_type=\"container\" data-e-type=\"container\">\n\t\t\t\t\t<div class=\"e-con-inner\">\n\t\t<div class=\"elementor-element elementor-element-4bf8a4ac e-con-full e-flex e-con e-child\" data-id=\"4bf8a4ac\" data-element_type=\"container\" data-e-type=\"container\">\n\t\t\t\t<div class=\"elementor-element elementor-element-5039d391 elementor-widget elementor-widget-heading\" data-id=\"5039d391\" data-element_type=\"widget\" data-e-type=\"widget\" data-widget_type=\"heading.default\">\n\t\t\t\t\t<h3 class=\"elementor-heading-title elementor-size-default\">Come and meet us<\/h3>\t\t\t\t<\/div>\n\t\t\t\t<div class=\"elementor-element elementor-element-1b51cddf elementor-widget elementor-widget-text-editor\" data-id=\"1b51cddf\" data-element_type=\"widget\" data-e-type=\"widget\" data-widget_type=\"text-editor.default\">\n\t\t\t\t\t\t\t\t\t<p>If you would like to get to know the center and see if it is a good fit for you, you can come in for a no-obligation initial assessment.<\/p>\t\t\t\t\t\t\t\t<\/div>\n\t\t\t\t<\/div>\n\t\t<div class=\"elementor-element elementor-element-3d93926a e-con-full e-flex e-con e-child\" data-id=\"3d93926a\" data-element_type=\"container\" data-e-type=\"container\">\n\t\t\t\t<div class=\"elementor-element elementor-element-e5ae80 elementor-widget elementor-widget-button\" data-id=\"e5ae80\" data-element_type=\"widget\" data-e-type=\"widget\" data-widget_type=\"button.default\">\n\t\t\t\t\t\t\t\t\t\t<a class=\"elementor-button elementor-button-link elementor-size-sm\" href=\"https:\/\/focusfitcenter.com\/en\/contacto\/\">\n\t\t\t\t\t\t<span class=\"elementor-button-content-wrapper\">\n\t\t\t\t\t\t\t\t\t<span class=\"elementor-button-text\">START NOW<\/span>\n\t\t\t\t\t<\/span>\n\t\t\t\t\t<\/a>\n\t\t\t\t\t\t\t\t<\/div>\n\t\t\t\t<\/div>\n\t\t\t\t\t<\/div>\n\t\t\t\t<\/div>\n\t\t\t\t<\/div>","protected":false},"excerpt":{"rendered":"<p>Un centro privado pensado para entrenar de verdad FocusFit no es un gimnasio masificado. Es un espacio dise\u00f1ado para trabajar con tranquilidad, atenci\u00f3n cercana y entrenamientos guiados. Nuestra idea de entrenamiento En FocusFit creemos que mejorar f\u00edsicamente no depende de entrenar m\u00e1s fuerte, sino de entrenar mejor. Por eso cada sesi\u00f3n est\u00e1 supervisada, adaptada al [&hellip;]<\/p>\n","protected":false},"author":1,"featured_media":0,"parent":0,"menu_order":0,"comment_status":"closed","ping_status":"closed","template":"elementor_header_footer","meta":{"footnotes":""},"class_list":["post-217","page","type-page","status-publish","hentry"],"blocksy_meta":[],"_links":{"self":[{"href":"https:\/\/focusfitcenter.com\/en\/wp-json\/wp\/v2\/pages\/217","targetHints":{"allow":["GET"]}}],"collection":[{"href":"https:\/\/focusfitcenter.com\/en\/wp-json\/wp\/v2\/pages"}],"about":[{"href":"https:\/\/focusfitcenter.com\/en\/wp-json\/wp\/v2\/types\/page"}],"author":[{"embeddable":true,"href":"https:\/\/focusfitcenter.com\/en\/wp-json\/wp\/v2\/users\/1"}],"replies":[{"embeddable":true,"href":"https:\/\/focusfitcenter.com\/en\/wp-json\/wp\/v2\/comments?post=217"}],"version-history":[{"count":32,"href":"https:\/\/focusfitcenter.com\/en\/wp-json\/wp\/v2\/pages\/217\/revisions"}],"predecessor-version":[{"id":427,"href":"https:\/\/focusfitcenter.com\/en\/wp-json\/wp\/v2\/pages\/217\/revisions\/427"}],"wp:attachment":[{"href":"https:\/\/focusfitcenter.com\/en\/wp-json\/wp\/v2\/media?parent=217"}],"curies":[{"name":"wp","href":"https:\/\/api.w.org\/{rel}","templated":true}]}}