{"id":160,"date":"2026-02-16T15:39:41","date_gmt":"2026-02-16T15:39:41","guid":{"rendered":"https:\/\/focusfitcenter.com\/?page_id=160"},"modified":"2026-02-19T13:21:35","modified_gmt":"2026-02-19T13:21:35","slug":"servicios","status":"publish","type":"page","link":"https:\/\/focusfitcenter.com\/en\/servicios\/","title":{"rendered":"Services"},"content":{"rendered":"<div data-elementor-type=\"wp-page\" data-elementor-id=\"160\" class=\"elementor elementor-160\">\n\t\t\t\t<div class=\"elementor-element elementor-element-6bc55a7 e-flex e-con-boxed e-con e-parent\" data-id=\"6bc55a7\" data-element_type=\"container\" data-e-type=\"container\">\n\t\t\t\t\t<div class=\"e-con-inner\">\n\t\t\t\t<div class=\"elementor-element elementor-element-f79898a elementor-widget elementor-widget-heading\" data-id=\"f79898a\" data-element_type=\"widget\" data-e-type=\"widget\" data-widget_type=\"heading.default\">\n\t\t\t\t\t<h1 class=\"elementor-heading-title elementor-size-default\">Choose the way you train <br>that best suits you<\/h1>\t\t\t\t<\/div>\n\t\t\t\t<div class=\"elementor-element elementor-element-ffe239b elementor-widget__width-initial elementor-widget elementor-widget-text-editor\" data-id=\"ffe239b\" data-element_type=\"widget\" data-e-type=\"widget\" data-widget_type=\"text-editor.default\">\n\t\t\t\t\t\t\t\t\t<p>Not everyone needs the same thing. That's why at FocusFit we offer different training modalities, always guided and adapted to your level so you can progress from day one.<\/p>\t\t\t\t\t\t\t\t<\/div>\n\t\t\t\t\t<\/div>\n\t\t\t\t<\/div>\n\t\t<div class=\"elementor-element elementor-element-b4646b8 e-flex e-con-boxed e-con e-parent\" data-id=\"b4646b8\" data-element_type=\"container\" data-e-type=\"container\" data-settings=\"{&quot;background_background&quot;:&quot;classic&quot;}\">\n\t\t\t\t\t<div class=\"e-con-inner\">\n\t\t<div class=\"elementor-element elementor-element-5655946 e-con-full e-flex e-con e-child\" data-id=\"5655946\" data-element_type=\"container\" data-e-type=\"container\">\n\t\t\t\t<div class=\"elementor-element elementor-element-9eb0280 elementor-widget elementor-widget-image\" data-id=\"9eb0280\" data-element_type=\"widget\" data-e-type=\"widget\" data-widget_type=\"image.default\">\n\t\t\t\t\t\t\t\t\t\t\t\t\t\t\t<img fetchpriority=\"high\" decoding=\"async\" width=\"1024\" height=\"1024\" src=\"https:\/\/focusfitcenter.com\/wp-content\/uploads\/2026\/02\/focusfit-entrenamiento-1-1024x1024.jpg\" class=\"attachment-large size-large wp-image-185\" alt=\"Entrenamientos en Gri\u00f1\u00f3n: personal, d\u00fao y grupo | FocusFit\" srcset=\"https:\/\/focusfitcenter.com\/wp-content\/uploads\/2026\/02\/focusfit-entrenamiento-1-1024x1024.jpg 1024w, https:\/\/focusfitcenter.com\/wp-content\/uploads\/2026\/02\/focusfit-entrenamiento-1-300x300.jpg 300w, https:\/\/focusfitcenter.com\/wp-content\/uploads\/2026\/02\/focusfit-entrenamiento-1-150x150.jpg 150w, https:\/\/focusfitcenter.com\/wp-content\/uploads\/2026\/02\/focusfit-entrenamiento-1-768x768.jpg 768w, https:\/\/focusfitcenter.com\/wp-content\/uploads\/2026\/02\/elementor\/thumbs\/focusfit-entrenamiento-1-rj8v4gclpakam6jzmgimvgc6bdo4a6xoh648pfx1fs.jpg 500w, https:\/\/focusfitcenter.com\/wp-content\/uploads\/2026\/02\/elementor\/thumbs\/focusfit-entrenamiento-1-rj8v4gck6h2r3octltfo8cs80pekyhx14fds0otiee.jpg 375w, https:\/\/focusfitcenter.com\/wp-content\/uploads\/2026\/02\/focusfit-entrenamiento-1.jpg 1170w\" sizes=\"(max-width: 1024px) 100vw, 1024px\" title=\"Services\">\t\t\t\t\t\t\t\t\t\t\t\t\t\t\t<\/div>\n\t\t\t\t<\/div>\n\t\t<div class=\"elementor-element elementor-element-5550b7e e-con-full e-flex e-con e-child\" data-id=\"5550b7e\" data-element_type=\"container\" data-e-type=\"container\">\n\t\t\t\t<div class=\"elementor-element elementor-element-e32ab5d elementor-widget elementor-widget-heading\" data-id=\"e32ab5d\" data-element_type=\"widget\" data-e-type=\"widget\" data-widget_type=\"heading.default\">\n\t\t\t\t\t<h2 class=\"elementor-heading-title elementor-size-default\">How do we work at FocusFit?<\/h2>\t\t\t\t<\/div>\n\t\t\t\t<div class=\"elementor-element elementor-element-aaa0d30 elementor-widget elementor-widget-text-editor\" data-id=\"aaa0d30\" data-element_type=\"widget\" data-e-type=\"widget\" data-widget_type=\"text-editor.default\">\n\t\t\t\t\t\t\t\t\t<p data-start=\"648\" data-end=\"845\">In <strong>Focus Fit Private Center<\/strong> we offer personal training sessions of <strong><u>60 minutes<\/u><\/strong>, designed to bring out the best in you in every encounter. We work through <strong>bonds<\/strong> that adapt to your availability and objectives: you can choose between <strong><em>4, 8, 12 or 16 sessions per month<\/em><\/strong>. Each voucher has a different rate depending on the number of sessions contracted. <strong>Contact us without obligation<\/strong> and we will help you find the option that best suits you and your lifestyle.<\/p>\t\t\t\t\t\t\t\t<\/div>\n\t\t\t\t<div class=\"elementor-element elementor-element-1aca664 elementor-widget elementor-widget-button\" data-id=\"1aca664\" data-element_type=\"widget\" data-e-type=\"widget\" data-widget_type=\"button.default\">\n\t\t\t\t\t\t\t\t\t\t<a class=\"elementor-button elementor-button-link elementor-size-sm\" href=\"https:\/\/focusfitcenter.com\/en\/contacto\/\">\n\t\t\t\t\t\t<span class=\"elementor-button-content-wrapper\">\n\t\t\t\t\t\t\t\t\t<span class=\"elementor-button-text\">Contact us at<\/span>\n\t\t\t\t\t<\/span>\n\t\t\t\t\t<\/a>\n\t\t\t\t\t\t\t\t<\/div>\n\t\t\t\t<\/div>\n\t\t\t\t\t<\/div>\n\t\t\t\t<\/div>\n\t\t<div class=\"elementor-element elementor-element-1b7c43a e-flex e-con-boxed e-con e-parent\" data-id=\"1b7c43a\" data-element_type=\"container\" data-e-type=\"container\">\n\t\t\t\t\t<div class=\"e-con-inner\">\n\t\t<div class=\"elementor-element elementor-element-ec0c462 e-con-full e-flex e-con e-child\" data-id=\"ec0c462\" data-element_type=\"container\" data-e-type=\"container\" data-settings=\"{&quot;background_background&quot;:&quot;classic&quot;}\">\n\t\t\t\t<div class=\"elementor-element elementor-element-a87db30 elementor-position-top elementor-widget elementor-widget-image-box\" data-id=\"a87db30\" data-element_type=\"widget\" data-e-type=\"widget\" data-widget_type=\"image-box.default\">\n\t\t\t\t\t<div class=\"elementor-image-box-wrapper\"><figure class=\"elementor-image-box-img\"><img decoding=\"async\" width=\"1170\" height=\"1170\" src=\"https:\/\/focusfitcenter.com\/wp-content\/uploads\/2026\/02\/IMG_1786_entrenaminto.png\" class=\"attachment-full size-full wp-image-404\" alt=\"img 1786 entrenaminto\" title=\"Services\" srcset=\"https:\/\/focusfitcenter.com\/wp-content\/uploads\/2026\/02\/IMG_1786_entrenaminto.png 1170w, https:\/\/focusfitcenter.com\/wp-content\/uploads\/2026\/02\/IMG_1786_entrenaminto-300x300.png 300w, https:\/\/focusfitcenter.com\/wp-content\/uploads\/2026\/02\/IMG_1786_entrenaminto-1024x1024.png 1024w, https:\/\/focusfitcenter.com\/wp-content\/uploads\/2026\/02\/IMG_1786_entrenaminto-150x150.png 150w, https:\/\/focusfitcenter.com\/wp-content\/uploads\/2026\/02\/IMG_1786_entrenaminto-768x768.png 768w, https:\/\/focusfitcenter.com\/wp-content\/uploads\/2026\/02\/IMG_1786_entrenaminto-12x12.png 12w, https:\/\/focusfitcenter.com\/wp-content\/uploads\/2026\/02\/elementor\/thumbs\/IMG_1786_entrenaminto-rjdv16g5j9838ijv2x1adh51qsg9q52el8mmp3pqp2.png 375w\" sizes=\"(max-width: 1170px) 100vw, 1170px\" \/><\/figure><div class=\"elementor-image-box-content\"><h3 class=\"elementor-image-box-title\">Personal Training<\/h3><p class=\"elementor-image-box-description\">At Focus Fit, personal training is much more than a targeted session. It's a custom-designed process that combines what you want with what you really need to move forward in a safe, effective and sustainable way. A trainer with you in every session, adapting each exercise to your level, pace and goal.<\/p><\/div><\/div>\t\t\t\t<\/div>\n\t\t\t\t<\/div>\n\t\t<div class=\"elementor-element elementor-element-b089ce0 e-con-full e-flex e-con e-child\" data-id=\"b089ce0\" data-element_type=\"container\" data-e-type=\"container\" data-settings=\"{&quot;background_background&quot;:&quot;classic&quot;}\">\n\t\t\t\t<div class=\"elementor-element elementor-element-3433e5c elementor-position-top elementor-widget elementor-widget-image-box\" data-id=\"3433e5c\" data-element_type=\"widget\" data-e-type=\"widget\" data-widget_type=\"image-box.default\">\n\t\t\t\t\t<div class=\"elementor-image-box-wrapper\"><figure class=\"elementor-image-box-img\"><img decoding=\"async\" width=\"1170\" height=\"1170\" src=\"https:\/\/focusfitcenter.com\/wp-content\/uploads\/2026\/02\/IMG_1780entrenamiento.jpg\" class=\"attachment-full size-full wp-image-406\" alt=\"img 1780entrenamiento\" title=\"Services\" srcset=\"https:\/\/focusfitcenter.com\/wp-content\/uploads\/2026\/02\/IMG_1780entrenamiento.jpg 1170w, https:\/\/focusfitcenter.com\/wp-content\/uploads\/2026\/02\/IMG_1780entrenamiento-300x300.jpg 300w, https:\/\/focusfitcenter.com\/wp-content\/uploads\/2026\/02\/IMG_1780entrenamiento-1024x1024.jpg 1024w, https:\/\/focusfitcenter.com\/wp-content\/uploads\/2026\/02\/IMG_1780entrenamiento-150x150.jpg 150w, https:\/\/focusfitcenter.com\/wp-content\/uploads\/2026\/02\/IMG_1780entrenamiento-768x768.jpg 768w, https:\/\/focusfitcenter.com\/wp-content\/uploads\/2026\/02\/IMG_1780entrenamiento-12x12.jpg 12w, https:\/\/focusfitcenter.com\/wp-content\/uploads\/2026\/02\/elementor\/thumbs\/IMG_1780entrenamiento-rjdv5jf78l6z3e7umavzfvj0y4ykfldkutkpub8zty.jpg 375w\" sizes=\"(max-width: 1170px) 100vw, 1170px\" \/><\/figure><div class=\"elementor-image-box-content\"><h3 class=\"elementor-image-box-title\">Duo training<\/h3><p class=\"elementor-image-box-description\">Training with someone close to you can be a very motivating experience. At Focus Fit we offer a partner training service where everyone has their own path, but you go through it together.\nAlthough you train together, the goals are individual and the approach is tailored to the needs of each.\nIdeal for those who want to share the effort with their partner, friend or family member, without losing the personalization and quality of the training. Train with whoever you choose: partner, friend, family member .... Without losing the personalized attention.<\/p><\/div><\/div>\t\t\t\t<\/div>\n\t\t\t\t<\/div>\n\t\t<div class=\"elementor-element elementor-element-a2e3808 e-con-full e-flex e-con e-child\" data-id=\"a2e3808\" data-element_type=\"container\" data-e-type=\"container\" data-settings=\"{&quot;background_background&quot;:&quot;classic&quot;}\">\n\t\t\t\t<div class=\"elementor-element elementor-element-0536240 elementor-position-top elementor-widget elementor-widget-image-box\" data-id=\"0536240\" data-element_type=\"widget\" data-e-type=\"widget\" data-widget_type=\"image-box.default\">\n\t\t\t\t\t<div class=\"elementor-image-box-wrapper\"><figure class=\"elementor-image-box-img\"><img loading=\"lazy\" decoding=\"async\" width=\"658\" height=\"658\" src=\"https:\/\/focusfitcenter.com\/wp-content\/uploads\/2026\/02\/grupo-FocusFit.jpg\" class=\"attachment-full size-full wp-image-337\" alt=\"Entrenamientos en Gri\u00f1\u00f3n: personal, d\u00fao y grupo | FocusFit\" title=\"Services\" srcset=\"https:\/\/focusfitcenter.com\/wp-content\/uploads\/2026\/02\/grupo-FocusFit.jpg 658w, https:\/\/focusfitcenter.com\/wp-content\/uploads\/2026\/02\/grupo-FocusFit-300x300.jpg 300w, https:\/\/focusfitcenter.com\/wp-content\/uploads\/2026\/02\/grupo-FocusFit-150x150.jpg 150w\" sizes=\"(max-width: 658px) 100vw, 658px\" \/><\/figure><div class=\"elementor-image-box-content\"><h3 class=\"elementor-image-box-title\">Group training<\/h3><p class=\"elementor-image-box-description\">If you like the energy of the group, but value personalized attention, this option is for you. In our groups of maximum 6 people we guarantee the monitoring and technical correction by the trainer at all times.\n\nWe design the groups looking for the greatest possible homogeneity so that all of you can advance without limiting yourselves.\nIn addition, you will always have our professional advice to know if this format is the most suitable for you, according to your level, experience and objectives.<\/p><\/div><\/div>\t\t\t\t<\/div>\n\t\t\t\t<\/div>\n\t\t\t\t\t<\/div>\n\t\t\t\t<\/div>\n\t\t<div class=\"elementor-element elementor-element-f5dd7d9 e-flex e-con-boxed e-con e-parent\" data-id=\"f5dd7d9\" data-element_type=\"container\" data-e-type=\"container\">\n\t\t\t\t\t<div class=\"e-con-inner\">\n\t\t<div class=\"elementor-element elementor-element-b66f32d e-con-full e-flex e-con e-child\" data-id=\"b66f32d\" data-element_type=\"container\" data-e-type=\"container\">\n\t\t\t\t<div class=\"elementor-element elementor-element-0f4d97b elementor-widget elementor-widget-heading\" data-id=\"0f4d97b\" data-element_type=\"widget\" data-e-type=\"widget\" data-widget_type=\"heading.default\">\n\t\t\t\t\t<h3 class=\"elementor-heading-title elementor-size-default\">Still have doubts?<\/h3>\t\t\t\t<\/div>\n\t\t\t\t<div class=\"elementor-element elementor-element-7af769c elementor-widget elementor-widget-text-editor\" data-id=\"7af769c\" data-element_type=\"widget\" data-e-type=\"widget\" data-widget_type=\"text-editor.default\">\n\t\t\t\t\t\t\t\t\t<p>If you are not sure where to start, the initial assessment serves precisely that purpose: to understand your starting point and recommend the best option without obligation.<\/p>\t\t\t\t\t\t\t\t<\/div>\n\t\t\t\t<\/div>\n\t\t<div class=\"elementor-element elementor-element-b6e0475 e-con-full e-flex e-con e-child\" data-id=\"b6e0475\" data-element_type=\"container\" data-e-type=\"container\">\n\t\t\t\t<div class=\"elementor-element elementor-element-9d82e74 elementor-widget elementor-widget-button\" data-id=\"9d82e74\" data-element_type=\"widget\" data-e-type=\"widget\" data-widget_type=\"button.default\">\n\t\t\t\t\t\t\t\t\t\t<a class=\"elementor-button elementor-button-link elementor-size-sm\" href=\"https:\/\/focusfitcenter.com\/en\/contacto\/\">\n\t\t\t\t\t\t<span class=\"elementor-button-content-wrapper\">\n\t\t\t\t\t\t\t\t\t<span class=\"elementor-button-text\">I want my rating<\/span>\n\t\t\t\t\t<\/span>\n\t\t\t\t\t<\/a>\n\t\t\t\t\t\t\t\t<\/div>\n\t\t\t\t<\/div>\n\t\t\t\t\t<\/div>\n\t\t\t\t<\/div>\n\t\t\t\t<\/div>","protected":false},"excerpt":{"rendered":"<p>Elige la forma de entrenar que mejor encaje contigo No todos necesitan lo mismo. Por eso en FocusFit ofrecemos diferentes modalidades de entrenamiento, siempre guiadas y adaptadas a tu nivel para que puedas progresar desde el primer d\u00eda. \u00bfComo trabajamos en FocusFit? En Focus Fit Private Center ofrecemos sesiones de entrenamiento personal de 60 minutos, [&hellip;]<\/p>\n","protected":false},"author":1,"featured_media":0,"parent":0,"menu_order":0,"comment_status":"closed","ping_status":"closed","template":"elementor_header_footer","meta":{"footnotes":""},"class_list":["post-160","page","type-page","status-publish","hentry"],"blocksy_meta":[],"_links":{"self":[{"href":"https:\/\/focusfitcenter.com\/en\/wp-json\/wp\/v2\/pages\/160","targetHints":{"allow":["GET"]}}],"collection":[{"href":"https:\/\/focusfitcenter.com\/en\/wp-json\/wp\/v2\/pages"}],"about":[{"href":"https:\/\/focusfitcenter.com\/en\/wp-json\/wp\/v2\/types\/page"}],"author":[{"embeddable":true,"href":"https:\/\/focusfitcenter.com\/en\/wp-json\/wp\/v2\/users\/1"}],"replies":[{"embeddable":true,"href":"https:\/\/focusfitcenter.com\/en\/wp-json\/wp\/v2\/comments?post=160"}],"version-history":[{"count":61,"href":"https:\/\/focusfitcenter.com\/en\/wp-json\/wp\/v2\/pages\/160\/revisions"}],"predecessor-version":[{"id":430,"href":"https:\/\/focusfitcenter.com\/en\/wp-json\/wp\/v2\/pages\/160\/revisions\/430"}],"wp:attachment":[{"href":"https:\/\/focusfitcenter.com\/en\/wp-json\/wp\/v2\/media?parent=160"}],"curies":[{"name":"wp","href":"https:\/\/api.w.org\/{rel}","templated":true}]}}